{"id":3,"date":"2026-01-13T01:17:56","date_gmt":"2026-01-13T00:17:56","guid":{"rendered":"https:\/\/local.souji.es\/?page_id=3"},"modified":"2026-01-15T23:57:16","modified_gmt":"2026-01-15T22:57:16","slug":"politica-privacidad","status":"publish","type":"page","link":"https:\/\/souji.es\/es\/politica-privacidad\/","title":{"rendered":"Pol\u00edtica de privacidad"},"content":{"rendered":"\r\n<p>En cumplimiento de lo establecido en el Reglamento General de Protecci\u00f3n de Datos (RGPD) ponemos en su conocimiento que, con motivo del presente encargo, sus datos personales ser\u00e1n objeto de tratamiento (almacenamiento, facturaci\u00f3n, etc.) bajo las siguientes condiciones:<\/p>\r\n<p><strong>INFOMACI\u00d3N B\u00c1SICA SOBRE EL TRATAMIENTO DE DATOS (1\u00aa CAPA)<\/strong><\/p>\r\n<p><strong>1. Responsable del tratamiento<\/strong>: SAMSARAPPS, S.L.<\/p>\r\n<p><strong>2. Finalidad del tratamiento<\/strong><\/p>\r\n<ul>\r\n<li>Puesta a disposici\u00f3n y mantenimiento de p\u00e1gina web a disposici\u00f3n de cualquier usuario interesado en conocer la Empresa, sus productos y\/o servicios.<\/li>\r\n<li>Atenci\u00f3n de los contactos y consultas a trav\u00e9s de la p\u00e1gina web.<\/li>\r\n<\/ul>\r\n<p><strong>3. Legitimaci\u00f3n:<\/strong>\u00a0Consentimiento<\/p>\r\n<p><strong>4. Destinatarios:<\/strong>\u00a0No se prev\u00e9n cesiones de datos a terceros, salvo en cumplimento de una obligaci\u00f3n legal.<\/p>\r\n<p><strong>5. Derechos:<\/strong>\u00a0Tiene derecho a acceder, rectificar y suprimir los datos, as\u00ed como otros derechos, como se explica en la informaci\u00f3n adicional.<\/p>\r\n<p><span class=\"resaltar\">Samsarapps s.l<\/span>\u00a0te informa sobre su Pol\u00edtica de Privacidad respecto del tratamiento y protecci\u00f3n de los datos de car\u00e1cter personal de los usuarios y clientes que puedan ser recabados por la navegaci\u00f3n o contrataci\u00f3n de servicios a trav\u00e9s del sitio www.souji.es\u00a0<\/p>\r\n<p>En este sentido, el Titular garantiza el cumplimiento de la normativa vigente en materia de protecci\u00f3n de datos personales, reflejada en la Ley Org\u00e1nica 3\/2018, de 5 de diciembre, de Protecci\u00f3n de Datos Personales y de Garant\u00eda de Derechos Digitales (LOPD GDD). Cumple tambi\u00e9n con el Reglamento (UE) 2016\/679 del Parlamento Europeo y del Consejo de 27 de abril de 2016 relativo a la protecci\u00f3n de las personas f\u00edsicas (RGPD).<\/p>\r\n<p>El uso de sitio Web implica la aceptaci\u00f3n de esta Pol\u00edtica de Privacidad as\u00ed como las condiciones incluidas en el Aviso Legal.<\/p>\r\n<h2 class=\"wp-block-heading\" id=\"identidad-del-responsable\">Identidad del responsable<\/h2>\r\n<ul>\r\n<li>Titular: SAMSARAPPS, S.L.<\/li>\r\n<li>NIF: B- 87114971<\/li>\r\n<li>Direcci\u00f3n postal: Carretera Boadilla, 114, Portal 1, Piso 2\u00baB, Majadahonda (Madrid)<\/li>\r\n<li>E-mail de contacto: hola@souji.es<\/li>\r\n<li>Tel\u00e9fono: 627460054 &#8211; 639273597<\/li>\r\n<li>Registro Mercantil: Inscripci\u00f3n 30\/10\/2014, tomo 32597, Libro: 0, Folio: 190, Secci\u00f3n: 8 Hoja M586732<\/li>\r\n<li>Objeto principal: Proyectos medioambientales sostenibles<\/li>\r\n<li>P\u00e1gina web: www.souji.es\u00a0<\/li>\r\n<\/ul>\r\n<h2 id=\"principios-aplicados-en-el-tratamiento-de-datos\">Principios aplicados en el tratamiento de datos<\/h2>\r\n<p>En el tratamiento de tus datos personales,Samsarapps s.l\u00a0 aplicar\u00e1 los siguientes principios que se ajustan a las exigencias del nuevo reglamento europeo de protecci\u00f3n de datos:<\/p>\r\n<ul>\r\n<li><strong>Principio de licitud, lealtad y transparencia:<\/strong>\u00a0El Titular siempre requerir\u00e1 el consentimiento para el tratamiento de tus datos personales que puede ser para uno o varios fines espec\u00edficos sobre los que te informar\u00e1 previamente con absoluta transparencia.<\/li>\r\n<li><strong>Principio de minimizaci\u00f3n de datos:<\/strong>\u00a0El Titular te solicitar\u00e1 solo los datos estrictamente necesarios para el fin o los fines que los solicita.<\/li>\r\n<li><strong>Principio de limitaci\u00f3n del plazo de conservaci\u00f3n:<\/strong>\u00a0Los datos se mantendr\u00e1n durante el tiempo estrictamente necesario para el fin o los fines del tratamiento.<br \/>El Titular te informar\u00e1 del plazo de conservaci\u00f3n correspondiente seg\u00fan la finalidad. En el caso de suscripciones, el Titular revisar\u00e1 peri\u00f3dicamente las listas y eliminar\u00e1 aquellos registros inactivos durante un tiempo considerable.<\/li>\r\n<li><strong>Principio de integridad y confidencialidad:<\/strong>\u00a0Tus datos ser\u00e1n tratados de tal manera que su seguridad, confidencialidad e integridad est\u00e9 garantizada. Debes saber que el Titular toma las precauciones necesarias para evitar el acceso no autorizado o uso indebido de los datos de sus usuarios por parte de terceros.<\/li>\r\n<\/ul>\r\n<h2 id=\"obtenci\u00f3n-de-datos-personales\">Obtenci\u00f3n de datos personales<\/h2>\r\n<p>Para navegar por\u00a0<span class=\"resaltar\">www.souji.es<\/span>\u00a0no es necesario que facilites ning\u00fan dato personal. Los casos en los que s\u00ed proporcionas tus datos personales son los siguientes:<\/p>\r\n<p><span class=\"resaltar\">ELIMINA LOS QUE NO USES:<\/span><\/p>\r\n<ul>\r\n<li>Al contactar a trav\u00e9s de los formularios de contacto o enviar un correo electr\u00f3nico.<\/li>\r\n<li>Al realizar un comentario en un art\u00edculo o p\u00e1gina.<\/li>\r\n<li>Al inscribirte en un formulario de suscripci\u00f3n o un bolet\u00edn que el Titular gestiona con plataformas de emailing.\u00a0<\/li>\r\n<li>Al inscribirte en un formulario de suscripci\u00f3n o un bolet\u00edn que el Titular gestiona con plataformas de terceros.\u00a0<\/li>\r\n<li>Al inscribirte en un formulario de suscripci\u00f3n o un bolet\u00edn que el Titular gestiona con plataformas de terceros.\u00a0<\/li>\r\n<li>Al realizar una compra o suscripci\u00f3n.\u00a0<\/li>\r\n<\/ul>\r\n<h2 id=\"tus-derechos\">Tus derechos<\/h2>\r\n<p>El Titular te informa que sobre tus datos personales tienes derecho a:<\/p>\r\n<ul>\r\n<li>Solicitar el acceso a los datos almacenados.<\/li>\r\n<li>Solicitar una rectificaci\u00f3n o la cancelaci\u00f3n.<\/li>\r\n<li>Solicitar la limitaci\u00f3n de su tratamiento.<\/li>\r\n<li>Oponerte al tratamiento.<\/li>\r\n<li>Solicitar la portabilidad de tus datos.<\/li>\r\n<\/ul>\r\n<p>El ejercicio de estos derechos es personal y por tanto debe ser ejercido directamente por el interesado, solicit\u00e1ndolo directamente Samsarapps s.l ( El titular) , lo que significa que cualquier cliente, suscriptor o colaborador que haya facilitado sus datos en alg\u00fan momento puede dirigirse al Titular y pedir informaci\u00f3n sobre los datos que tiene almacenados y c\u00f3mo los ha obtenido, solicitar la rectificaci\u00f3n de los mismos, solicitar la portabilidad de sus datos personales, oponerse al tratamiento, limitar su uso o solicitar la cancelaci\u00f3n de esos datos en los ficheros del Titular.<\/p>\r\n<p>Para ejercitar tus derechos de acceso, rectificaci\u00f3n, cancelaci\u00f3n, portabilidad y oposici\u00f3n tienes que enviar un correo electr\u00f3nico a hola@souji.es\u00a0\u00a0junto con la prueba v\u00e1lida en derecho como una fotocopia del D.N.I. o equivalente.<\/p>\r\n<p>Tienes derecho a la tutela judicial efectiva y a presentar una reclamaci\u00f3n ante la autoridad de control, en este caso, la Agencia Espa\u00f1ola de Protecci\u00f3n de Datos, si consideras que el tratamiento de datos personales que te conciernen infringe el Reglamento.<\/p>\r\n<h2 id=\"finalidad-del-tratamiento-de-datos-personales\">Finalidad del tratamiento de datos personales<\/h2>\r\n<p>Cuando te conectas al sitio Web www.souji.es\u00a0 para mandar un correo al Titular, te suscribes a su bolet\u00edn o realizas una compra o contrataci\u00f3n, est\u00e1s facilitando informaci\u00f3n de car\u00e1cter personal de la que el responsable es el Titular. Esta informaci\u00f3n puede incluir datos de car\u00e1cter personal como pueden ser tu direcci\u00f3n IP, nombre y apellidos, direcci\u00f3n f\u00edsica, direcci\u00f3n de correo electr\u00f3nico, n\u00famero de tel\u00e9fono, y otra informaci\u00f3n. Al facilitar esta informaci\u00f3n, das tu consentimiento para que tu informaci\u00f3n sea recopilada, utilizada, gestionada y almacenada por Samsarapps s.l\u00a0 , s\u00f3lo como se describe en el Aviso Legal y en la presente Pol\u00edtica de Privacidad.<\/p>\r\n<p>Los datos personales y la finalidad del tratamiento por parte del Titular es diferente seg\u00fan el sistema de captura de informaci\u00f3n:<\/p>\r\n<p><span class=\"resaltar\">ELIMINA LOS QUE NO USES:<\/span><\/p>\r\n<ul>\r\n<li><strong>Formularios de contacto:<\/strong>\u00a0El Titular solicita datos personales entre los que pueden estar: Nombre y apellidos, direcci\u00f3n de correo electr\u00f3nico, n\u00famero de tel\u00e9fono y direcci\u00f3n de tu sitio Web con la finalidad de responder a tus consultas.<br \/>Por ejemplo, el Titular utiliza esos datos para dar respuesta a tus mensajes, dudas, quejas, comentarios o inquietudes que puedas tener relativas a la informaci\u00f3n incluida en el sitio Web, los servicios que se prestan a trav\u00e9s del sitio Web, el tratamiento de tus datos personales, cuestiones referentes a los textos legales incluidos en el sitio Web, as\u00ed como cualquier otra consulta que puedas tener y que no est\u00e9 sujeta a las condiciones del sitio Web o de la contrataci\u00f3n.<\/li>\r\n<li><strong>Formularios de suscripci\u00f3n a contenidos, compras y boletines:<\/strong>\u00a0El Titular solicita los siguientes datos personales: Nombre y apellidos, direcci\u00f3n de correo electr\u00f3nico, n\u00famero de tel\u00e9fono y direcci\u00f3n de tu sitio web para gestionar la lista de suscripciones, enviar boletines, promociones y ofertas especiales.<br \/>Los datos que facilites al Titular estar\u00e1n ubicados en los servidores de Samsarapps s.l y las empresas de terceros elegidas para el env\u00edo de la informaci\u00f3n.\u00a0<\/li>\r\n<\/ul>\r\n<p>Existen otras finalidades por las que el Titular trata tus datos personales:<\/p>\r\n<ul>\r\n<li>Para garantizar el cumplimiento de las condiciones recogidas en el Aviso Legal y en la ley aplicable. Esto puede incluir el desarrollo de herramientas y algoritmos que ayuden a este sitio Web a garantizar la confidencialidad de los datos personales que recoge.<\/li>\r\n<li>Para apoyar y mejorar los servicios que ofrece este sitio Web.<\/li>\r\n<li>Para analizar la navegaci\u00f3n. El Titular recoge otros datos no identificativos que se obtienen mediante el uso de cookies que se descargan en tu ordenador cuando navegas por el sitio Web cuyas caracter\u00edsticas y finalidad est\u00e1n detalladas en la Pol\u00edtica de Cookies .<\/li>\r\n<li>Para gestionar las redes sociales. el Titular tiene presencia en redes sociales. Si te haces seguidor en las redes sociales del Titular el tratamiento de los datos personales se regir\u00e1 por este apartado, as\u00ed como por aquellas condiciones de uso, pol\u00edticas de privacidad y normativas de acceso que pertenezcan a la red social que proceda en cada caso y que has aceptado previamente.<\/li>\r\n<\/ul>\r\n<p>Puedes consultar las pol\u00edticas de privacidad de las principales redes sociales en estos enlaces:<\/p>\r\n<ul>\r\n<li>Facebook<\/li>\r\n<li>Twitter<\/li>\r\n<li>Linkedin<\/li>\r\n<li>YouTube<\/li>\r\n<li>Instagram<\/li>\r\n<li>Pinterest\u00a0<\/li>\r\n<li>Tik tok\u00a0<\/li>\r\n<li>Whatsapp business<\/li>\r\n<\/ul>\r\n<p>El Titular tratar\u00e1 tus datos personales con la finalidad de administrar correctamente su presencia en la red social, informarte de sus actividades, productos o servicios, as\u00ed como para cualquier otra finalidad que las normativas de las redes sociales permitan.<\/p>\r\n<p>En ning\u00fan caso el Titular utilizar\u00e1 los perfiles de seguidores en redes sociales para enviar publicidad de manera individual.<\/p>\r\n<h2 id=\"seguridad-de-los-datos-personales\">Seguridad de los datos personales<\/h2>\r\n<p>Para proteger tus datos personales, el Titular toma todas las precauciones razonables y sigue las mejores pr\u00e1cticas de la industria para evitar su p\u00e9rdida, mal uso, acceso indebido, divulgaci\u00f3n, alteraci\u00f3n o destrucci\u00f3n de los mismos.<\/p>\r\n<p>El sitio Web est\u00e1 alojado en\u00a0<span class=\"resaltar\">Shopify<\/span>. La seguridad de tus datos est\u00e1 garantizada, ya que toman todas las medidas de seguridad necesarias para ello. Puedes consultar su pol\u00edtica de privacidad para tener m\u00e1s informaci\u00f3n.<\/p>\r\n<h2 id=\"contenido-de-otros-sitios-web\">Contenido de otros sitios web<\/h2>\r\n<p>Las p\u00e1ginas de este sitio Web pueden incluir contenido incrustado (por ejemplo, v\u00eddeos, im\u00e1genes, art\u00edculos, etc.). El contenido incrustado de otras web se comporta exactamente de la misma manera que si hubieras visitado la otra web.<\/p>\r\n<p>Estos sitios Web pueden recopilar datos sobre ti, utilizar cookies, incrustar un c\u00f3digo de seguimiento adicional de terceros, y supervisar tu interacci\u00f3n usando este c\u00f3digo.<\/p>\r\n<h2 id=\"pol\u00edtica-de-cookies\">Pol\u00edtica de Cookies<\/h2>\r\n<p>Para que este sitio Web funcione correctamente necesita utilizar cookies, que es una informaci\u00f3n que se almacena en tu navegador web.<\/p>\r\n<p>En la p\u00e1gina Pol\u00edtica de Cookies puedes consultar toda la informaci\u00f3n relativa a la pol\u00edtica de recogida, la finalidad y el tratamiento de las cookies.<\/p>\r\n<h2 id=\"legitimaci\u00f3n-para-el-tratamiento-de-datos\">Legitimaci\u00f3n para el tratamiento de datos<\/h2>\r\n<p>La base legal para el tratamiento de tus datos es: el consentimiento.<\/p>\r\n<p>Para contactar con el Titular, suscribirte a un bolet\u00edn o realizar comentarios en este sitio Web tienes que aceptar la presente Pol\u00edtica de Privacidad.<\/p>\r\n<h2 id=\"categor\u00edas-de-datos-personales\">Categor\u00edas de datos personales<\/h2>\r\n<p>Las categor\u00edas de datos personales que trata el Titular son:<\/p>\r\n<ul>\r\n<li>Datos identificativos.<\/li>\r\n<\/ul>\r\n<h2 id=\"conservaci\u00f3n-de-datos-personales\">Conservaci\u00f3n de datos personales<\/h2>\r\n<p>Los datos personales que proporciones al Titular se conservar\u00e1n hasta que solicites su supresi\u00f3n.<\/p>\r\n<h2 id=\"destinatarios-de-datos-personales\">Destinatarios de datos personales<\/h2>\r\n<ul>\r\n<li><strong>Mailrelay<\/strong>\u00a0CPC Servicios Inform\u00e1ticos Aplicados a Nuevas Tecnolog\u00edas S.L. (en adelante \u201cCPC\u201d) , con domicilio social en C\/ Nardo, 12 28250 \u2013 Torrelodones \u2013 Madrid.<br \/>Encontrar\u00e1s m\u00e1s informaci\u00f3n en:\u00a0<b><a href=\"https:\/\/mailrelay.com\/\" target=\"_blank\" rel=\"nofollow noopener\">https:\/\/mailrelay.com<\/a><\/b><br \/>CPC trata los datos con la finalidad de prestar sus servicios de email el Titulareting al Titular.<\/li>\r\n<li><strong>Mailchimp<\/strong>\u00a0The Rocket Science Group LLC d\/b\/a , con domicilio en EEUU.<br \/>Encontrar\u00e1s m\u00e1s informaci\u00f3n en:\u00a0<b><a href=\"https:\/\/mailchimp.com\/\" target=\"_blank\" rel=\"nofollow noopener\">https:\/\/mailchimp.com<\/a><\/b><br \/>The Rocket Science Group LLC d\/b\/a trata los datos con la finalidad de prestar sus servicios de email el Titulareting al Titular.<\/li>\r\n<li><strong>SendinBlue<\/strong>\u00a0SendinBlue, sociedad por acciones simplificada (soci\u00e9t\u00e9 par actions simplifi\u00e9e) inscrita en el Registro Mercantil de Par\u00eds con el n\u00famero 498 019 298, con domicilio social situado en 55 rue d\u2019Amsterdam, 75008, Par\u00eds (Francia).<br \/>Encontrar\u00e1s m\u00e1s informaci\u00f3n en:\u00a0<b><a href=\"https:\/\/es.sendinblue.com\/\" target=\"_blank\" rel=\"nofollow noopener\">https:\/\/es.sendinblue.com<\/a><\/b><br \/>SendinBlue trata los datos con la finalidad de ofrecer soluciones para el env\u00edo de correos electr\u00f3nicos, SMS transaccionales y de el Titulareting al Titular.<\/li>\r\n<li><strong>Google Analytics<\/strong>\u00a0es un servicio de anal\u00edtica web prestado por Google, Inc., una compa\u00f1\u00eda de Delaware cuya oficina principal est\u00e1 en 1600 Amphitheatre Parkway, Mountain View (California), CA 94043, Estados Unidos (\u201cGoogle\u201d). Encontrar\u00e1s m\u00e1s informaci\u00f3n en:\u00a0<b><a href=\"https:\/\/analytics.google.com\/\" target=\"_blank\" rel=\"nofollow noopener\">https:\/\/analytics.google.com<\/a><\/b><br \/>Google Analytics utiliza \u201ccookies\u201d, que son archivos de texto ubicados en tu ordenador, para ayudar al Titular a analizar el uso que hacen los usuarios del sitio Web. La informaci\u00f3n que genera la cookie acerca del uso del sitio Web (incluyendo tu direcci\u00f3n IP) ser\u00e1 directamente transmitida y archivada por Google en los servidores de Estados Unidos.<\/li>\r\n<li><strong>DoubleClick by Google<\/strong>\u00a0es un conjunto de servicios publicitarios proporcionado por Google, Inc., una compa\u00f1\u00eda de Delaware cuya oficina principal est\u00e1 en 1600 Amphitheatre Parkway, Mountain View (California), CA 94043, Estados Unidos (\u201cGoogle\u201d).<br \/>Encontrar\u00e1s m\u00e1s informaci\u00f3n en:\u00a0<b><a href=\"https:\/\/www.doubleclickbygoogle.com\/\" target=\"_blank\" rel=\"nofollow noopener\">https:\/\/www.doubleclickbygoogle.com<\/a><\/b><br \/>DoubleClick utiliza \u201ccookies\u201d, que son archivos de texto ubicados en tu ordenador y que sirven para aumentar la relevancia de los anuncios relacionados con tus b\u00fasquedas recientes. En la Pol\u00edtica de privacidad de Google se explica c\u00f3mo Google gestiona tu privacidad en lo que respecta al uso de las cookies y otra informaci\u00f3n.<\/li>\r\n<li><strong>Shopify.com:\u00a0<\/strong>es una empresa canadiense de comercio electr\u00f3nico cuya sede principal se encuentra en\u00a0<a title=\"Ottawa\" href=\"https:\/\/es.wikipedia.org\/wiki\/Ottawa\" target=\"_blank\" rel=\"noopener\">Ottawa<\/a>,<a title=\"Ontario\" href=\"https:\/\/es.wikipedia.org\/wiki\/Ontario\" target=\"_blank\" rel=\"noopener\">Ontario<\/a>. Y desarrolla el software de igual nombre, el cual se encarga de ofrecer una serie de servicios, incluidos pagos, marketing, env\u00edos y herramientas de fidelizaci\u00f3n de clientes para simplificar el proceso de manejar una tienda en l\u00ednea para los peque\u00f1os comerciantes.\u00a0<\/li>\r\n<\/ul>\r\n<p>Tambi\u00e9n puedes ver una lista de los tipos de cookies que utiliza Google y sus colaboradores y toda la informaci\u00f3n relativa al uso que hacen de cookies publicitarias.<\/p>\r\n<h2 id=\"navegaci\u00f3n-web\">Navegaci\u00f3n Web<\/h2>\r\n<p>Al navegar por\u00a0<span class=\"resaltar\">www.souji.es<\/span>\u00a0se pueden recoger datos no identificativos, que pueden incluir, la direcci\u00f3n IP, geolocalizaci\u00f3n, un registro de c\u00f3mo se utilizan los servicios y sitios, h\u00e1bitos de navegaci\u00f3n y otros datos que no pueden ser utilizados para identificarte.<\/p>\r\n<p>El sitio Web utiliza los siguientes servicios de an\u00e1lisis de terceros:<\/p>\r\n<p><span class=\"resaltar\">ELIMINA LOS QUE NO USES:<\/span><\/p>\r\n<ul>\r\n<li>Google Analytics<\/li>\r\n<li>DoubleClick por Google<\/li>\r\n<li>Facebook ads\u00a0<\/li>\r\n<li>Shopify analytics<\/li>\r\n<\/ul>\r\n<p>El Titular utiliza la informaci\u00f3n obtenida para obtener datos estad\u00edsticos, analizar tendencias, administrar el sitio, estudiar patrones de navegaci\u00f3n y para recopilar informaci\u00f3n demogr\u00e1fica.<\/p>\r\n<h2 id=\"exactitud-y-veracidad-de-los-datos-personales\">Exactitud y veracidad de los datos personales<\/h2>\r\n<p>Te comprometes a que los datos facilitados al Titular sean correctos, completos, exactos y vigentes, as\u00ed como a mantenerlos debidamente actualizados.<\/p>\r\n<p>Como Usuario del sitio Web eres el \u00fanico responsable de la veracidad y correcci\u00f3n de los datos que remitas al sitio exonerando a el Titular de cualquier responsabilidad al respecto.<\/p>\r\n<h2 id=\"aceptaci\u00f3n-y-consentimiento\">Aceptaci\u00f3n y consentimiento<\/h2>\r\n<p>Como Usuario del sitio Web declaras haber sido informado de las condiciones sobre protecci\u00f3n de datos de car\u00e1cter personal, aceptas y consientes el tratamiento de los mismos por parte de el Titular en la forma y para las finalidades indicadas en esta Pol\u00edtica de Privacidad.<\/p>\r\n<h2 id=\"revocabilidad\">Revocabilidad<\/h2>\r\n<p>Para ejercitar tus derechos de acceso, rectificaci\u00f3n, cancelaci\u00f3n, portabilidad y oposici\u00f3n tienes que enviar un correo electr\u00f3nico a hola@souji.es\u00a0\u00a0junto con la prueba v\u00e1lida en derecho como una fotocopia del D.N.I. o equivalente.<\/p>\r\n<p>El ejercicio de tus derechos no incluye ning\u00fan dato que el Titular est\u00e9 obligado a conservar con fines administrativos, legales o de seguridad.<\/p>\r\n<h2 id=\"cambios-en-la-pol\u00edtica-de-privacidad\">Cambios en la Pol\u00edtica de Privacidad<\/h2>\r\n<p>El Titular se reserva el derecho a modificar la presente Pol\u00edtica de Privacidad para adaptarla a novedades legislativas o jurisprudenciales, as\u00ed como a pr\u00e1cticas de la industria.<\/p>\r\n<p>Estas pol\u00edticas estar\u00e1n vigentes hasta que sean modificadas por otras debidamente publicadas.<\/p>","protected":false},"excerpt":{"rendered":"<p>En cumplimiento de lo establecido en el Reglamento General de Protecci\u00f3n de Datos (RGPD) ponemos en su conocimiento que, con motivo del presente encargo, sus datos personales ser\u00e1n objeto de tratamiento (almacenamiento, facturaci\u00f3n, etc.) bajo las siguientes condiciones: INFOMACI\u00d3N B\u00c1SICA SOBRE EL TRATAMIENTO DE DATOS (1\u00aa CAPA) 1. Responsable del tratamiento: SAMSARAPPS, S.L. 2. Finalidad [&hellip;]<\/p>\n","protected":false},"author":1,"featured_media":0,"parent":0,"menu_order":1,"comment_status":"closed","ping_status":"closed","template":"","meta":{"_acf_changed":false,"footnotes":""},"class_list":["post-3","page","type-page","status-publish","hentry"],"acf":[],"_links":{"self":[{"href":"https:\/\/souji.es\/es\/wp-json\/wp\/v2\/pages\/3","targetHints":{"allow":["GET"]}}],"collection":[{"href":"https:\/\/souji.es\/es\/wp-json\/wp\/v2\/pages"}],"about":[{"href":"https:\/\/souji.es\/es\/wp-json\/wp\/v2\/types\/page"}],"author":[{"embeddable":true,"href":"https:\/\/souji.es\/es\/wp-json\/wp\/v2\/users\/1"}],"replies":[{"embeddable":true,"href":"https:\/\/souji.es\/es\/wp-json\/wp\/v2\/comments?post=3"}],"version-history":[{"count":0,"href":"https:\/\/souji.es\/es\/wp-json\/wp\/v2\/pages\/3\/revisions"}],"wp:attachment":[{"href":"https:\/\/souji.es\/es\/wp-json\/wp\/v2\/media?parent=3"}],"curies":[{"name":"wp","href":"https:\/\/api.w.org\/{rel}","templated":true}]}}