{"id":203,"date":"2026-01-16T00:04:37","date_gmt":"2026-01-15T23:04:37","guid":{"rendered":"https:\/\/local.souji.es\/?page_id=203"},"modified":"2026-01-19T17:15:35","modified_gmt":"2026-01-19T16:15:35","slug":"politica-de-cookies","status":"publish","type":"page","link":"https:\/\/souji.es\/es\/politica-de-cookies\/","title":{"rendered":"Pol\u00edtica de Cookies"},"content":{"rendered":"<p>El objetivo de esta pol\u00edtica es informarle de manera clara y detallada de qu\u00e9 es una cookie, cu\u00e1l es su finalidad, qu\u00e9 tipo de cookies utilizamos y c\u00f3mo configurarlas o en su caso deshabilitarlas.<\/p>\n<p>Una cookie es un peque\u00f1o archivo de texto que se almacena en su navegador cuando visita nuestra p\u00e1gina web y que guarda informaci\u00f3n sobre la navegaci\u00f3n que realiza para hacer m\u00e1s eficiente la experiencia de usuario. Algunas cookies resultan esenciales para el buen funcionamiento de las p\u00e1ginas web, como es el caso de las cookies t\u00e9cnicas o de personalizaci\u00f3n de la interfaz de usuario, aunque otras, como las cookies de an\u00e1lisis o las de publicidad comportamental, requieren que le informemos y recabar el consentimiento sobre su uso.<\/p>\n<p>A continuaci\u00f3n, y con el objetivo de que pueda prestar un consentimiento plenamente informado, le detallamos la informaci\u00f3n de en qu\u00e9 consiste y cu\u00e1l es la finalidad de cada tipo de cookie.<\/p>\n<p>Las\u00a0<strong>cookies t\u00e9cnicas<\/strong>\u00a0son aquellas que permiten al usuario la navegaci\u00f3n a trav\u00e9s de una p\u00e1gina web, plataforma o aplicaci\u00f3n y la utilizaci\u00f3n de las diferentes opciones o servicios que en ella existan, incluyendo la gesti\u00f3n y operativa de la p\u00e1gina web y habilitar sus funciones y servicios, como, por ejemplo, identificar la sesi\u00f3n, acceder a partes de acceso restringido, recordar los elementos que integran un pedido, realizar el proceso de compra de un pedido, gestionar el pago,\u2026 La p\u00e1gina web no puede funcionar adecuadamente sin estas cookies por lo que se consideran necesarias.<\/p>\n<p>Las\u00a0<strong>cookies de preferencias<\/strong>\u00a0o\u00a0<strong>personalizaci\u00f3n<\/strong>\u00a0permiten a la p\u00e1gina web recordar informaci\u00f3n que cambia la forma en que la p\u00e1gina se comporta o el aspecto que tiene de modo que el usuario acceda al servicio con determinadas caracter\u00edsticas que pueden diferenciar su experiencia de la de otros usuarios, como, por ejemplo, el idioma, el n\u00famero de resultados a mostrar cuando el usuario realiza una b\u00fasqueda o la regi\u00f3n en la que el usuario se encuentra. Si es el propio usuario quien elige esas caracter\u00edsticas, por ejemplo, marcando la bandera del idioma, se considera un servicio expresamente solicitado siempre y cuando las cookies obedezcan exclusivamente a la finalidad seleccionada de personalizaci\u00f3n.<\/p>\n<p>Las\u00a0<strong>cookies de an\u00e1lisis<\/strong>\u00a0o\u00a0<strong>medici\u00f3n<\/strong>\u00a0son aquellas que permiten comprender c\u00f3mo interact\u00faan los visitantes con las p\u00e1ginas web y as\u00ed realizar el an\u00e1lisis estad\u00edstico del uso que hacen los usuarios de la web de los servicios prestados. La informaci\u00f3n recogida se utiliza en la medici\u00f3n de la actividad de los sitios web o aplicaci\u00f3n con el fin de introducir mejoras en los productos y servicios ofrecidos por el responsable.<\/p>\n<p>Las\u00a0<strong>cookies de marketing<\/strong>\u00a0o\u00a0<strong>publicidad comportamental<\/strong>\u00a0almacenan informaci\u00f3n del comportamiento de los usuarios obtenida a trav\u00e9s de la observaci\u00f3n continuada de sus h\u00e1bitos de navegaci\u00f3n, lo que permite desarrollar un perfil espec\u00edfico para mostrar anuncios relevantes y atractivos para el usuario individual, y por lo tanto, m\u00e1s valiosos para los terceros anunciantes.<\/p>\n<p>Para las cookies de an\u00e1lisis y de publicidad necesitamos su consentimiento que podremos obtener si pulsa en el bot\u00f3n \u201cAcepto\u201d en el mensaje de informaci\u00f3n que se muestra al acceder a nuestra p\u00e1gina web.<\/p>\n<p>Si desactiva las cookies, podr\u00e1 seguir accediendo a la web pero puede que la navegaci\u00f3n por esta no sea \u00f3ptima y alguno de los servicios ofrecidos no funcionen correctamente.<\/p>\n<p>Puede permitir, bloquear o eliminar las cookies instaladas en su dispositivo a trav\u00e9s del men\u00fa de configuraci\u00f3n de su navegador de internet, pudiendo configurarlo para que bloquee las cookies o alerte al usuario cuando un servidor quiera guardarla. Los siguientes enlaces proporcionan informaci\u00f3n en relaci\u00f3n con c\u00f3mo configurar y\/o deshabilitar las cookies para cada uno de los principales navegadores del mercado a fin de que el usuario pueda decidir si acepta o no el uso de cookies.<\/p>\n<ul>\n<li><a href=\"https:\/\/support.microsoft.com\/es-es\/help\/17442\/windows-internet-explorer-delete-manage-cookies\">Microsoft Internet Explorer<\/a>: men\u00fa Herramientas &gt; Opciones de Internet &gt; Privacidad &gt; Configuraci\u00f3n.<\/li>\n<li><a href=\"https:\/\/support.mozilla.org\/es\/kb\/habilitar-y-deshabilitar-cookies-sitios-web-rastrear-preferencias?redirectlocale=es&amp;redirectslug=habilitar-y-deshabilitar-cookies-que-los-sitios-we\">Firefox<\/a>: men\u00fa Herramientas &gt; Opciones &gt; Privacidad &gt; Cookies.<\/li>\n<li><a href=\"https:\/\/support.google.com\/accounts\/answer\/61416?hl=es\">Chrome<\/a>: men\u00fa Opciones &gt; Opciones avanzadas &gt; Privacidad.<\/li>\n<li><a href=\"https:\/\/support.apple.com\/es-es\/guide\/safari\/sfri11471\/mac\">Safari:<\/a>\u00a0men\u00fa Preferencias\/Privacidad.<\/li>\n<li><a href=\"https:\/\/support.apple.com\/es-es\/HT201265\">Safari para IOS<\/a>\u00a0(iPhone y iPad): Opci\u00f3n Ajustes &gt; Safari<\/li>\n<li><a href=\"https:\/\/support.google.com\/chrome\/answer\/95647?co=GENIE.Platform%3DAndroid&amp;hl=es-419\">Chrome para Android<\/a>: Configuraci\u00f3n &gt; Configuraci\u00f3n de sitios web &gt; Cookies<\/li>\n<\/ul>\n","protected":false},"excerpt":{"rendered":"<p>El objetivo de esta pol\u00edtica es informarle de manera clara y detallada de qu\u00e9 es una cookie, cu\u00e1l es su finalidad, qu\u00e9 tipo de cookies utilizamos y c\u00f3mo configurarlas o en su caso deshabilitarlas. Una cookie es un peque\u00f1o archivo de texto que se almacena en su navegador cuando visita nuestra p\u00e1gina web y que [&hellip;]<\/p>\n","protected":false},"author":1,"featured_media":0,"parent":0,"menu_order":1,"comment_status":"closed","ping_status":"closed","template":"","meta":{"_acf_changed":false,"footnotes":""},"class_list":["post-203","page","type-page","status-publish","hentry"],"acf":[],"_links":{"self":[{"href":"https:\/\/souji.es\/es\/wp-json\/wp\/v2\/pages\/203","targetHints":{"allow":["GET"]}}],"collection":[{"href":"https:\/\/souji.es\/es\/wp-json\/wp\/v2\/pages"}],"about":[{"href":"https:\/\/souji.es\/es\/wp-json\/wp\/v2\/types\/page"}],"author":[{"embeddable":true,"href":"https:\/\/souji.es\/es\/wp-json\/wp\/v2\/users\/1"}],"replies":[{"embeddable":true,"href":"https:\/\/souji.es\/es\/wp-json\/wp\/v2\/comments?post=203"}],"version-history":[{"count":0,"href":"https:\/\/souji.es\/es\/wp-json\/wp\/v2\/pages\/203\/revisions"}],"wp:attachment":[{"href":"https:\/\/souji.es\/es\/wp-json\/wp\/v2\/media?parent=203"}],"curies":[{"name":"wp","href":"https:\/\/api.w.org\/{rel}","templated":true}]}}