{"id":201,"date":"2026-01-15T23:58:41","date_gmt":"2026-01-15T22:58:41","guid":{"rendered":"https:\/\/local.souji.es\/?page_id=201"},"modified":"2026-01-15T23:58:41","modified_gmt":"2026-01-15T22:58:41","slug":"aviso-legal","status":"publish","type":"page","link":"https:\/\/souji.es\/es\/aviso-legal\/","title":{"rendered":"Aviso Legal"},"content":{"rendered":"<h2>INTRODUCCI\u00d3N<\/h2>\n<p>En cumplimiento de la Ley 34\/2002, de 11 de julio, de Servicios de la Sociedad de la Informaci\u00f3n y de Comercio Electr\u00f3nico (LSSI-CE), SAMSARAPPS SL informa que es titular del sitio web. De acuerdo con la exigencia del art\u00edculo 10 de la citada Ley, SAMSARAPPS SL informa de los siguientes datos:<\/p>\n<ul>\n<li>Titular: SAMSARAPPS, S.L.<\/li>\n<li>NIF: B- 87114971<\/li>\n<li>Direcci\u00f3n postal: Carretera Boadilla, 114, Portal 1, Piso 2\u00baB, Majadahonda (Madrid)<\/li>\n<li>E-mail de contacto: hola@souji.es<\/li>\n<li>Tel\u00e9fono: 627460054<\/li>\n<li>Registro Mercantil: Inscripci\u00f3n 30\/10\/2014, tomo 32597, Libro: 0, Folio: 190, Secci\u00f3n: 8 Hoja M586732<\/li>\n<li>Objeto principal: Proyectos medioambientales sostenibles<\/li>\n<\/ul>\n<h2>USUARIO Y R\u00c9GIMEN DE RESPONSABILIDADES<\/h2>\n<p>La navegaci\u00f3n, acceso y uso por el sitio web de SAMSARAPPS SL confiere la condici\u00f3n de usuario, por la que se aceptan, desde la navegaci\u00f3n por el sitio web de SAMSARAPPS SL, todas las condiciones de uso aqu\u00ed establecidas sin perjuicio de la aplicaci\u00f3n de la correspondiente normativa de obligado cumplimiento legal seg\u00fan el caso.<\/p>\n<p>El sitio web de SAMSARAPPS SL proporciona gran diversidad de informaci\u00f3n, servicios y datos. El usuario asume su responsabilidad en el uso correcto del sitio web. Esta responsabilidad se extender\u00e1 a:<\/p>\n<ul>\n<li>La veracidad y licitud de las informaciones aportadas por el usuario en los formularios extendidos por SAMSARAPPS SL para el acceso a ciertos contenidos o servicios ofrecidos por el web.<\/li>\n<li>El uso de la informaci\u00f3n, servicios y datos ofrecidos por SAMSARAPPS SL contrariamente a lo dispuesto por las presentes condiciones, la Ley, la moral, las buenas costumbres o el orden p\u00fablico, o que de cualquier otro modo puedan suponer lesi\u00f3n de los derechos de terceros o del mismo funcionamiento del sitio web.<\/li>\n<\/ul>\n<h2>POL\u00cdTICA DE ENLACES Y EXENCIONES DE RESPONSABILIDAD<\/h2>\n<p>SAMSARAPPS SL no se hace responsable del contenido de los sitios web a los que el usuario pueda acceder a trav\u00e9s de los enlaces establecidos en su sitio web y declara que en ning\u00fan caso proceder\u00e1 a examinar o ejercitar ning\u00fan tipo de control sobre el contenido de otros sitios de la red. Asimismo, tampoco garantizar\u00e1 la disponibilidad t\u00e9cnica, exactitud, veracidad, validez o legalidad de sitios ajenos a su propiedad a los que se pueda acceder por medio de los enlaces.<\/p>\n<p>SAMSARAPPS SL declara haber adoptado todas las medidas necesarias para evitar cualquier da\u00f1o a los usuarios de su sitio web, que pudieran derivarse de la navegaci\u00f3n por su sitio web. En consecuencia, SAMSARAPPS SL no se hace responsable, en ning\u00fan caso, de los eventuales da\u00f1os que por la navegaci\u00f3n por Internet pudiera sufrir el usuario.<\/p>\n<h2>MODIFICACIONES<\/h2>\n<p>SAMSARAPPS SL se reserva el derecho a realizar las modificaciones que considere oportunas, sin aviso previo, en el contenido de su sitio web. Tanto en lo referente a los contenidos del sitio web, como en las condiciones de uso del mismo, o en las condiciones generales de contrataci\u00f3n. Dichas modificaciones podr\u00e1n realizarse a trav\u00e9s de su sitio web por cualquier forma admisible en derecho y ser\u00e1n de obligado cumplimiento durante el tiempo en que se encuentren publicadas en el web y hasta que no sean modificadas v\u00e1lidamente por otras posteriores.<\/p>\n<h2>PROPIEDAD INTELECTUAL E INDUSTRIAL<\/h2>\n<p>SAMSARAPPS SL por s\u00ed misma o como cesionaria, es titular de todos los derechos de propiedad intelectual e industrial de su p\u00e1gina web, as\u00ed como de los elementos contenidos en la misma (a t\u00edtulo enunciativo, im\u00e1genes, sonido, audio, v\u00eddeo, software o textos; marcas o logotipos, combinaciones de colores, estructura y dise\u00f1o, selecci\u00f3n de materiales usados, programas de ordenador necesarios para su funcionamiento, acceso y uso, etc.), titularidad de SAMSARAPPS SL. Ser\u00e1n, por consiguiente, obras protegidas como propiedad intelectual por el ordenamiento jur\u00eddico espa\u00f1ol, si\u00e9ndoles aplicables tanto la normativa espa\u00f1ola y comunitaria en este campo, como los tratados internacionales relativos a la materia y suscritos por Espa\u00f1a.<\/p>\n<p>Todos los derechos reservados. En virtud de lo dispuesto en la Ley de Propiedad Intelectual, quedan expresamente prohibidas la reproducci\u00f3n, la distribuci\u00f3n y la comunicaci\u00f3n p\u00fablica, incluida su modalidad de puesta a disposici\u00f3n, de la totalidad o parte de los contenidos de esta p\u00e1gina web, con fines comerciales, en cualquier soporte y por cualquier medio t\u00e9cnico, sin la autorizaci\u00f3n de SAMSARAPPS SL.<\/p>\n<p>El usuario se compromete a respetar los derechos de Propiedad Intelectual e Industrial titularidad de SAMSARAPPS SL. Podr\u00e1 visualizar los elementos del portal e incluso imprimirlos, copiarlos y almacenarlos en el disco duro de su ordenador o en cualquier otro soporte f\u00edsico siempre y cuando sea, \u00fanica y exclusivamente, para su uso personal y privado. El usuario deber\u00e1 abstenerse de suprimir, alterar, eludir o manipular cualquier dispositivo de protecci\u00f3n o sistema de seguridad que estuviera instalado en las p\u00e1ginas de SAMSARAPPS SL.<\/p>\n<h2>ACCIONES LEGALES, LEGISLACI\u00d3N APLICABLE Y JURISDICCI\u00d3N<\/h2>\n<p>SAMSARAPPS SL se reserva, asimismo, la facultad de presentar las acciones civiles o penales que considere oportunas por la utilizaci\u00f3n indebida de su sitio web y contenidos, o por el incumplimiento de las presentes condiciones.<\/p>\n<p>La relaci\u00f3n entre el usuario y el prestador se regir\u00e1 por la normativa vigente y de aplicaci\u00f3n en el territorio espa\u00f1ol. De surgir cualquier controversia las partes podr\u00e1n someter sus conflictos a arbitraje o acudir a la jurisdicci\u00f3n ordinaria cumpliendo con las normas sobre jurisdicci\u00f3n y competencia al respecto. SAMSARAPPS SL tiene su domicilio en MADRID, Espa\u00f1a.<\/p>\n<p>Los contratos celebrados por v\u00eda electr\u00f3nica en los que intervenga como parte un consumidor se presumir\u00e1n celebrados en el lugar en que \u00e9ste tenga su residencia habitual.<\/p>\n<p>Los contratos electr\u00f3nicos entre empresarios o profesionales, en defecto de pacto entre las partes, se presumir\u00e1n celebrados en el lugar en que est\u00e9 establecido el prestador de servicios.<\/p>\n","protected":false},"excerpt":{"rendered":"<p>INTRODUCCI\u00d3N En cumplimiento de la Ley 34\/2002, de 11 de julio, de Servicios de la Sociedad de la Informaci\u00f3n y de Comercio Electr\u00f3nico (LSSI-CE), SAMSARAPPS SL informa que es titular del sitio web. De acuerdo con la exigencia del art\u00edculo 10 de la citada Ley, SAMSARAPPS SL informa de los siguientes datos: Titular: SAMSARAPPS, S.L. [&hellip;]<\/p>\n","protected":false},"author":1,"featured_media":0,"parent":0,"menu_order":1,"comment_status":"closed","ping_status":"closed","template":"","meta":{"_acf_changed":false,"footnotes":""},"class_list":["post-201","page","type-page","status-publish","hentry"],"acf":[],"_links":{"self":[{"href":"https:\/\/souji.es\/es\/wp-json\/wp\/v2\/pages\/201","targetHints":{"allow":["GET"]}}],"collection":[{"href":"https:\/\/souji.es\/es\/wp-json\/wp\/v2\/pages"}],"about":[{"href":"https:\/\/souji.es\/es\/wp-json\/wp\/v2\/types\/page"}],"author":[{"embeddable":true,"href":"https:\/\/souji.es\/es\/wp-json\/wp\/v2\/users\/1"}],"replies":[{"embeddable":true,"href":"https:\/\/souji.es\/es\/wp-json\/wp\/v2\/comments?post=201"}],"version-history":[{"count":0,"href":"https:\/\/souji.es\/es\/wp-json\/wp\/v2\/pages\/201\/revisions"}],"wp:attachment":[{"href":"https:\/\/souji.es\/es\/wp-json\/wp\/v2\/media?parent=201"}],"curies":[{"name":"wp","href":"https:\/\/api.w.org\/{rel}","templated":true}]}}